{"id":291,"date":"2013-10-17T10:22:09","date_gmt":"2013-10-17T08:22:09","guid":{"rendered":"http:\/\/www.plantpack.net\/?page_id=291"},"modified":"2013-11-05T11:28:58","modified_gmt":"2013-11-05T10:28:58","slug":"plantpack-3","status":"publish","type":"page","link":"https:\/\/plantpack.net\/de\/","title":{"rendered":"Plantpack"},"content":{"rendered":"<p><a href=\"https:\/\/plantpack.net\/webshop\/\"><img decoding=\"async\" class=\"alignright  wp-image-112\" title=\"PlantPack is a natural non toxic desiccant mould eliminator.\" alt=\"PlantPack natural non toxic desiccant mould eliminator.\" src=\"https:\/\/plantpack.net\/wp-content\/uploads\/plantpack_bag1.png\" width=\"150\" height=\"150\" \/><\/a><b><\/b><\/p>\n<p><strong>Plantpack<\/strong> ist ein 100% nat\u00fcrliches, nicht-giftiges Trockenmittel. Plantpack sorgt daf\u00fcr, dass Ihr Produkt w\u00e4hrend der Lagerung oder des Transports schimmelfrei bleibt, aber das ist nicht das einzige.<\/p>\n<p>Die Gase Benzol und Toluen werden beim Transport absorbiert werden, damit das Risiko, dass Ihr Container bei der Ankunft in den Hafen entl\u00fcftet werden muss, sehr klein ist.<\/p>\n<p>Wir verkaufen Plantpack weltweit und geniessen das Vertrauen und die Empfehlung unserer Kunden.<\/p>\n<p><img decoding=\"async\" class=\"alignleft size-full wp-image-395\" alt=\"schemaduits\" src=\"https:\/\/plantpack.net\/wp-content\/uploads\/schemaduits.png\" width=\"450\" height=\"396\" srcset=\"https:\/\/plantpack.net\/wp-content\/uploads\/schemaduits-150x132.png 150w, https:\/\/plantpack.net\/wp-content\/uploads\/schemaduits-300x264.png 300w, https:\/\/plantpack.net\/wp-content\/uploads\/schemaduits-400x352.png 400w, https:\/\/plantpack.net\/wp-content\/uploads\/schemaduits.png 450w\" sizes=\"(max-width: 450px) 100vw, 450px\" \/><\/p>\n<p>&nbsp;<\/p>\n<p>&nbsp;<\/p>\n<p><strong>Warum ist Plantpack das beste Produkt f\u00fcr Sie?<\/strong><\/p>\n<p>Im Moment werden auf dem Markt viele Produkte angeboten, die Ihr Produkt schimmelfest halten. Aber weshalb sollten Sie sich f\u00fcr Plantpack entscheiden?<\/p>\n<p>Mit Plantpack verwenden Sie nicht nur ein umweltfreundliches und 100% nat\u00fcrliches chemikalienfreies Produkt, aber auch das sicherste Product, das es gibt.<\/p>\n<p>Sie sind jetzt \u00fcber die Vorteile von Plantpack informiert und es ist vielleicht schwierig unglaublich, dass wir Plantpack zu einem sehr wettbewerbsf\u00e4gigen Preis anbieten k\u00f6nnen. Schauen Sie sich selber die Preise in unserem Webshop mal an.<\/p>\n","protected":false},"excerpt":{"rendered":"<p>Plantpack ist ein 100% nat\u00fcrliches, nicht-giftiges Trockenmittel. Plantpack sorgt daf\u00fcr,  [&#8230;]<\/p>\n","protected":false},"author":1,"featured_media":0,"parent":0,"menu_order":0,"comment_status":"open","ping_status":"closed","template":"","meta":{"footnotes":""},"class_list":["post-291","page","type-page","status-publish","hentry"],"_links":{"self":[{"href":"https:\/\/plantpack.net\/de\/wp-json\/wp\/v2\/pages\/291","targetHints":{"allow":["GET"]}}],"collection":[{"href":"https:\/\/plantpack.net\/de\/wp-json\/wp\/v2\/pages"}],"about":[{"href":"https:\/\/plantpack.net\/de\/wp-json\/wp\/v2\/types\/page"}],"author":[{"embeddable":true,"href":"https:\/\/plantpack.net\/de\/wp-json\/wp\/v2\/users\/1"}],"replies":[{"embeddable":true,"href":"https:\/\/plantpack.net\/de\/wp-json\/wp\/v2\/comments?post=291"}],"version-history":[{"count":0,"href":"https:\/\/plantpack.net\/de\/wp-json\/wp\/v2\/pages\/291\/revisions"}],"wp:attachment":[{"href":"https:\/\/plantpack.net\/de\/wp-json\/wp\/v2\/media?parent=291"}],"curies":[{"name":"wp","href":"https:\/\/api.w.org\/{rel}","templated":true}]}}