{"id":295,"date":"2013-10-17T10:38:29","date_gmt":"2013-10-17T08:38:29","guid":{"rendered":"http:\/\/www.plantpack.net\/?page_id=295"},"modified":"2021-08-30T11:43:26","modified_gmt":"2021-08-30T09:43:26","slug":"produktinformation","status":"publish","type":"page","link":"https:\/\/plantpack.net\/de\/produktinformation\/","title":{"rendered":"Produktinformation"},"content":{"rendered":"<p><b><img decoding=\"async\" class=\"alignright size-full wp-image-90\" src=\"https:\/\/plantpack.net\/wp-content\/uploads\/plantpack_tube.png\" alt=\"plantpack_tube\" width=\"150\" height=\"673\" \/><\/b><\/p>\n<p>In den letzten f\u00fcnf Jahren ist Plantpack h\u00e4ufig an verschiedenen Stufen getestet und verbessert worden um das hochwertige Produkt wie es heutzutage ist, zu bekommen.<\/p>\n<p><strong>Plantpack ist vorwiegend aus den folgenden Pflanzen hergestellt worden:<\/strong><\/p>\n<ul>\n<li>Herba Houttuyniae<\/li>\n<li>Soapberry Seed<\/li>\n<li>Cunninghamia Lanceolata<\/li>\n<\/ul>\n<p>Plantpack enth\u00e4lt keine Additiven. Die Absorbierung h\u00e4lt f\u00fcr mindestens zwei Jahre. Wie gesagt, h\u00e4lt Plantpack nicht nur Ihre Produkte schimmelfrei, sondern absorbiert es die Gase Benzol und Toluen.<\/p>\n<p>Diese Gase k\u00f6nnen aus bestimmten Produkten beim Transport frei werden. Sowohl Benzol- wie auch Toluengase sind \u00e4u\u00dferst gef\u00e4hrlich und k\u00f6nnen Personen, die den Kontainer inspektieren oder entlasten, schaden.<\/p>\n<p>Es ist sehr teuer und kostet viel Zeit, einen Beh\u00e4lter beiseite zulegen und es durchzul\u00fcften. Wenn Sie Plantpack dabei verwenden, sparen Sie Zeit und Geld.<\/p>\n<p><strong>Plantpack hat zwei Produkte im Sortiment:<\/strong><\/p>\n<p><strong><img decoding=\"async\" class=\"alignleft wp-image-92\" src=\"https:\/\/plantpack.net\/wp-content\/uploads\/plantpack_bag-150x150.png\" alt=\"plantpack_bag\" width=\"100\" height=\"100\" \/>1. T\u00fcte (PB25) :<br \/>\n<\/strong>Wir liefern eine kleine T\u00fcte (5 cm x 5 cm), die einfach w\u00e4hrend der Produktion Ihres Produktes hinzugef\u00fcgt werden kann. Z.B., Plantpack kann dem Schuhkarton Ihrer Schuhwaren, dem Polysack Ihrer Matratzen, dem Beh\u00e4lter Ihrer Medikamente usw hinzugef\u00fcgt werden.<\/p>\n<p>F\u00fcr jedes Product braucht man eine bestimmte Menge. Wir stehen Sie gerne dabei zur Verf\u00fcgung, eine angemessene Wahl zu machen.<\/p>\n<p><strong>2. Tuben (PT68):<\/strong><br \/>\nF\u00fcr die Absorbierung von Benzol und Toluen wie auch eine zus\u00e4tzliche Feuchtabsorbierung im Beh\u00e4lter bieten wir Ihnen die Plantpack-Tuben an.<\/p>\n<p>Jede Tube ist mittels 8 S\u00e4cke hergestellt worden. Auf Beh\u00e4lterbasis brauchen Sie die folgenden Tubemengen:<\/p>\n<ul>\n<li>20&#8242; Beh\u00e4lter\u00a0 \u00a0 \u00a0 \u00a0 : 6 tuben<\/li>\n<li>40&#8242; Beh\u00e4lter\u00a0 \u00a0 \u00a0 \u00a0 : 8 tuben<\/li>\n<li>40&#8242; HQ Beh\u00e4lter \u00a0: 10 tuben<\/li>\n<li>45&#8242; Beh\u00e4lter\u00a0 \u00a0 \u00a0 \u00a0 : 10 tuben<\/li>\n<\/ul>\n","protected":false},"excerpt":{"rendered":"<p>In den letzten f\u00fcnf Jahren ist Plantpack h\u00e4ufig an verschiedenen  [&#8230;]<\/p>\n","protected":false},"author":1,"featured_media":0,"parent":0,"menu_order":1,"comment_status":"open","ping_status":"closed","template":"","meta":{"footnotes":""},"class_list":["post-295","page","type-page","status-publish","hentry"],"_links":{"self":[{"href":"https:\/\/plantpack.net\/de\/wp-json\/wp\/v2\/pages\/295","targetHints":{"allow":["GET"]}}],"collection":[{"href":"https:\/\/plantpack.net\/de\/wp-json\/wp\/v2\/pages"}],"about":[{"href":"https:\/\/plantpack.net\/de\/wp-json\/wp\/v2\/types\/page"}],"author":[{"embeddable":true,"href":"https:\/\/plantpack.net\/de\/wp-json\/wp\/v2\/users\/1"}],"replies":[{"embeddable":true,"href":"https:\/\/plantpack.net\/de\/wp-json\/wp\/v2\/comments?post=295"}],"version-history":[{"count":0,"href":"https:\/\/plantpack.net\/de\/wp-json\/wp\/v2\/pages\/295\/revisions"}],"wp:attachment":[{"href":"https:\/\/plantpack.net\/de\/wp-json\/wp\/v2\/media?parent=295"}],"curies":[{"name":"wp","href":"https:\/\/api.w.org\/{rel}","templated":true}]}}