{"id":300,"date":"2013-10-17T10:48:35","date_gmt":"2013-10-17T08:48:35","guid":{"rendered":"http:\/\/www.plantpack.net\/?page_id=300"},"modified":"2014-09-08T09:43:30","modified_gmt":"2014-09-08T07:43:30","slug":"prufberichte","status":"publish","type":"page","link":"https:\/\/plantpack.net\/de\/prufberichte\/","title":{"rendered":"Pr\u00fcfberichte"},"content":{"rendered":"<p>In den letzten f\u00fcnf Jahren ist Plantpack h\u00e4ufig an verschiedenen Stufen getestet und verbessert worden um das hochwertige Produkt wie es heutzutage ist, zu bekommen. Bitte informieren Sie sich mittels untenstehender Pr\u00fcfberichte:<\/p>\n<ul>\n<li><a href=\"https:\/\/plantpack.net\/pdf\/Anti_Gas_Toluene_Benzene.pdf\" target=\"_blank\">Anti Gas Toluene\/Benzene<\/a><\/li>\n<li><a href=\"https:\/\/plantpack.net\/pdf\/Anti_Mould.pdf\" target=\"_blank\">Anti Mould<\/a><\/li>\n<li><a href=\"https:\/\/plantpack.net\/pdf\/Dimethyl_Fumarate.pdf\" target=\"_blank\">Dimethyl Fumarate<\/a><\/li>\n<li><a href=\"https:\/\/plantpack.net\/pdf\/REACH_Certificate.pdf\" target=\"_blank\">REACH Certificate<\/a><\/li>\n<li><a href=\"https:\/\/plantpack.net\/pdf\/reach_testreport_english.pdf\" target=\"_blank\">REACH 151 SVHC<\/a><\/li>\n<li><a href=\"https:\/\/plantpack.net\/pdf\/Non_Toxic_Report.pdf\" target=\"_blank\">Non Toxic Report<\/a><\/li>\n<li><a href=\"https:\/\/plantpack.net\/pdf\/MSDS_English.pdf\" target=\"_blank\">MSDS<\/a><\/li>\n<li><a href=\"https:\/\/plantpack.net\/pdf\/BPR_2014.pdf\" target=\"_blank\">BPR (Biocidal Product Regulation)<\/a><\/li>\n<li><a title=\"REACH + Pesticides test by PFI Germany\" href=\"https:\/\/plantpack.net\/pdf\/REACH_Pesticides_test_by_PFI_Germany.pdf\" target=\"_blank\">REACH + Pesticides test by PFI Germany<\/a><\/li>\n<\/ul>\n","protected":false},"excerpt":{"rendered":"<p>In den letzten f\u00fcnf Jahren ist Plantpack h\u00e4ufig an verschiedenen  [&#8230;]<\/p>\n","protected":false},"author":1,"featured_media":0,"parent":0,"menu_order":8,"comment_status":"open","ping_status":"closed","template":"","meta":{"footnotes":""},"class_list":["post-300","page","type-page","status-publish","hentry"],"_links":{"self":[{"href":"https:\/\/plantpack.net\/de\/wp-json\/wp\/v2\/pages\/300","targetHints":{"allow":["GET"]}}],"collection":[{"href":"https:\/\/plantpack.net\/de\/wp-json\/wp\/v2\/pages"}],"about":[{"href":"https:\/\/plantpack.net\/de\/wp-json\/wp\/v2\/types\/page"}],"author":[{"embeddable":true,"href":"https:\/\/plantpack.net\/de\/wp-json\/wp\/v2\/users\/1"}],"replies":[{"embeddable":true,"href":"https:\/\/plantpack.net\/de\/wp-json\/wp\/v2\/comments?post=300"}],"version-history":[{"count":0,"href":"https:\/\/plantpack.net\/de\/wp-json\/wp\/v2\/pages\/300\/revisions"}],"wp:attachment":[{"href":"https:\/\/plantpack.net\/de\/wp-json\/wp\/v2\/media?parent=300"}],"curies":[{"name":"wp","href":"https:\/\/api.w.org\/{rel}","templated":true}]}}