{"id":328,"date":"2013-10-17T15:30:03","date_gmt":"2013-10-17T13:30:03","guid":{"rendered":"http:\/\/www.plantpack.net\/?page_id=328"},"modified":"2013-11-05T11:28:50","modified_gmt":"2013-11-05T10:28:50","slug":"plantpack-4","status":"publish","type":"page","link":"https:\/\/plantpack.net\/es\/","title":{"rendered":"Plantpack"},"content":{"rendered":"<p><a href=\"https:\/\/plantpack.net\/webshop\/\"><img decoding=\"async\" class=\"alignright  wp-image-112\" title=\"PlantPack is a natural non toxic desiccant mould eliminator.\" alt=\"PlantPack natural non toxic desiccant mould eliminator.\" src=\"https:\/\/plantpack.net\/wp-content\/uploads\/plantpack_bag1.png\" width=\"150\" height=\"150\" \/><\/a><b><\/b><\/p>\n<p>Plantpack es un desecante 100% natural, no t\u00f3xico. Plantpack ensegura que su producto queda resistente al molde cuando aquel se est\u00e1 conservando o transportado, pero eso no es todo lo que hace.<\/p>\n<p>Los gases benceno y tolueno se ser\u00e1n absorbido durante el transporte para que el riesgo de que su contenedor debe ser ventilado al llegar en el puerto sea muy poco.<\/p>\n<p>Vendemos Plantpack por el mundo entero y gozamos de confianza y recibimos grandes alabanzas de nuestros clientes.<\/p>\n<p><img decoding=\"async\" class=\"alignleft size-full wp-image-393\" alt=\"schemaspaans\" src=\"https:\/\/plantpack.net\/wp-content\/uploads\/schemaspaans.png\" width=\"450\" height=\"395\" srcset=\"https:\/\/plantpack.net\/wp-content\/uploads\/schemaspaans-150x131.png 150w, https:\/\/plantpack.net\/wp-content\/uploads\/schemaspaans-300x263.png 300w, https:\/\/plantpack.net\/wp-content\/uploads\/schemaspaans-400x351.png 400w, https:\/\/plantpack.net\/wp-content\/uploads\/schemaspaans.png 450w\" sizes=\"(max-width: 450px) 100vw, 450px\" \/><\/p>\n<p>&nbsp;<\/p>\n<p>&nbsp;<\/p>\n<p><strong>Porqu\u00e9 es Plantpack la mejor elecci\u00f3n?<\/strong><\/p>\n<p>En este momento, en el mercado, se ofrecen muchos productos que conservan su producto resistente al moho. Porqu\u00e9 deber\u00edan Uds eligir Plantpack?<\/p>\n<p>Con Plantpack, Uds. no s\u00f3lo usan un producto ecol\u00f3gico y 100% natural sin sustancias qu\u00edmicas, sino tambi\u00e9n el producto el m\u00e1s seguro disponible.<\/p>\n<p>Despu\u00e9s de que se han informado sobre estos beneficios, podr\u00eda ser dificil creer que Plantpack se ofrece a un precio muy competitivo. Examinen nuestra tienda online y dejense convencer Uds. mismos.<\/p>\n","protected":false},"excerpt":{"rendered":"<p>Plantpack es un desecante 100% natural, no t\u00f3xico. Plantpack ensegura  [&#8230;]<\/p>\n","protected":false},"author":1,"featured_media":0,"parent":0,"menu_order":0,"comment_status":"open","ping_status":"closed","template":"","meta":{"footnotes":""},"class_list":["post-328","page","type-page","status-publish","hentry"],"_links":{"self":[{"href":"https:\/\/plantpack.net\/es\/wp-json\/wp\/v2\/pages\/328","targetHints":{"allow":["GET"]}}],"collection":[{"href":"https:\/\/plantpack.net\/es\/wp-json\/wp\/v2\/pages"}],"about":[{"href":"https:\/\/plantpack.net\/es\/wp-json\/wp\/v2\/types\/page"}],"author":[{"embeddable":true,"href":"https:\/\/plantpack.net\/es\/wp-json\/wp\/v2\/users\/1"}],"replies":[{"embeddable":true,"href":"https:\/\/plantpack.net\/es\/wp-json\/wp\/v2\/comments?post=328"}],"version-history":[{"count":0,"href":"https:\/\/plantpack.net\/es\/wp-json\/wp\/v2\/pages\/328\/revisions"}],"wp:attachment":[{"href":"https:\/\/plantpack.net\/es\/wp-json\/wp\/v2\/media?parent=328"}],"curies":[{"name":"wp","href":"https:\/\/api.w.org\/{rel}","templated":true}]}}