{"id":335,"date":"2013-10-24T09:31:26","date_gmt":"2013-10-24T07:31:26","guid":{"rendered":"http:\/\/www.plantpack.net\/?page_id=335"},"modified":"2021-08-30T11:43:54","modified_gmt":"2021-08-30T09:43:54","slug":"informacion-sobre-el-producto","status":"publish","type":"page","link":"https:\/\/plantpack.net\/es\/informacion-sobre-el-producto\/","title":{"rendered":"Informaci\u00f3n sobre el producto"},"content":{"rendered":"<p><b><img decoding=\"async\" class=\"alignright size-full wp-image-90\" src=\"https:\/\/plantpack.net\/wp-content\/uploads\/plantpack_tube.png\" alt=\"plantpack_tube\" width=\"150\" height=\"673\" \/><\/b><\/p>\n<p>Durante los cinco a\u00f1os pasados, Plantpack ha sido probado y mejorado con frecuencia en diversas etapas para obtener el producto de calidad que hoy es. Orgullosamente, les presentamos este producto \u00fanico a Uds. que no s\u00f3lo protege sus productos de moho, sino tambi\u00e9n absorbe gases al mismo tiempo.<\/p>\n<p><strong>Plantpack se ha fabricado principalmente de las plantas siguientes:<\/strong><\/p>\n<ul>\n<li>Herba Houttuyniae<\/li>\n<li>Soapberry Seed<\/li>\n<li>Cunninghamia Lanceolata<\/li>\n<\/ul>\n<p>Plantpack no contiene ningunos aditivos. La absorci\u00f3n tiene un per\u00edodo de al menos dos a\u00f1os. Como dicho, aparte de conservar sus productos sin moho, Plantpack absorbe los gases benceno y tolueno tambi\u00e9n.<\/p>\n<p>Estos gases se pueden liberar de ciertos productos durante el per\u00edodo de transporte. Tanto benceno como tolueno gases son extremadamente peligrosos y podr\u00edan da\u00f1ar a personas inspeccionando o descargado el contenedor. Dejando aparte qu\u00e9 influencia podr\u00edan tener estos gases en la salud de los usuarios.<\/p>\n<p>Es muy caro y costar\u00e1 mucho tiempo separar un contenedor y ventilarlo. Usando Plantpack Uds. pueden ahorrar tiempo y dinero.<\/p>\n<p><strong>Plantpack les ofrece a Uds. dos productos:<\/strong><\/p>\n<p><strong><img decoding=\"async\" class=\"alignleft wp-image-92\" src=\"https:\/\/plantpack.net\/wp-content\/uploads\/plantpack_bag-150x150.png\" alt=\"plantpack_bag\" width=\"100\" height=\"100\" \/>1. Bolsa (PB25) :<br \/>\n<\/strong>Suministramos una peque\u00f1a bolsa (5 cm x 5 cm) que se pueda a\u00f1adir facilmente durante la producci\u00f3n de su producto. Por ejemplo, se puede a\u00f1adir Plantpack a la caja de sus zapatos, a la polibolsa de sus colchones, contenedor de sus medicamentos etc.<\/p>\n<p>Cada producto requiere una cierta cantidad. Con gusto, les apoyamos a Uds. optando por la cantidad deseada.<\/p>\n<p><strong>2. Tubo (PT68) :<\/strong><br \/>\nPara absorber benceno y tolueno, tanto como absorci\u00f3n h\u00famedo adicional dentro del contenedor, les ofrecemos Plantpack tubos.<\/p>\n<p>Cada tubo fabricado con 8 bolsas. En base a contenedor, se necesitan las siguientes cantidades de tubo:<\/p>\n<ul>\n<li>20&#8242; contenedor\u00a0 \u00a0 \u00a0 \u00a0: 6 tubos<\/li>\n<li>40&#8242; contenedor\u00a0 \u00a0 \u00a0 \u00a0: 8 tubos<\/li>\n<li>40&#8242; HQ contenedor\u00a0: 10 tubos<\/li>\n<li>45&#8242; contenedor\u00a0 \u00a0 \u00a0 \u00a0: 10 tubos<\/li>\n<\/ul>\n","protected":false},"excerpt":{"rendered":"<p>Durante los cinco a\u00f1os pasados, Plantpack ha sido probado y  [&#8230;]<\/p>\n","protected":false},"author":1,"featured_media":0,"parent":0,"menu_order":1,"comment_status":"open","ping_status":"closed","template":"","meta":{"footnotes":""},"class_list":["post-335","page","type-page","status-publish","hentry"],"_links":{"self":[{"href":"https:\/\/plantpack.net\/es\/wp-json\/wp\/v2\/pages\/335","targetHints":{"allow":["GET"]}}],"collection":[{"href":"https:\/\/plantpack.net\/es\/wp-json\/wp\/v2\/pages"}],"about":[{"href":"https:\/\/plantpack.net\/es\/wp-json\/wp\/v2\/types\/page"}],"author":[{"embeddable":true,"href":"https:\/\/plantpack.net\/es\/wp-json\/wp\/v2\/users\/1"}],"replies":[{"embeddable":true,"href":"https:\/\/plantpack.net\/es\/wp-json\/wp\/v2\/comments?post=335"}],"version-history":[{"count":0,"href":"https:\/\/plantpack.net\/es\/wp-json\/wp\/v2\/pages\/335\/revisions"}],"wp:attachment":[{"href":"https:\/\/plantpack.net\/es\/wp-json\/wp\/v2\/media?parent=335"}],"curies":[{"name":"wp","href":"https:\/\/api.w.org\/{rel}","templated":true}]}}