{"id":399,"date":"2013-10-30T11:41:48","date_gmt":"2013-10-30T10:41:48","guid":{"rendered":"http:\/\/www.plantpack.net\/?page_id=399"},"modified":"2013-11-05T11:28:45","modified_gmt":"2013-11-05T10:28:45","slug":"plantpack-5","status":"publish","type":"page","link":"https:\/\/plantpack.net\/fr\/","title":{"rendered":"Plantpack"},"content":{"rendered":"<p><a href=\"https:\/\/plantpack.net\/webshop\/\"><img decoding=\"async\" class=\"alignright  wp-image-112\" title=\"PlantPack is a natural non toxic desiccant mould eliminator.\" alt=\"PlantPack natural non toxic desiccant mould eliminator.\" src=\"https:\/\/plantpack.net\/wp-content\/uploads\/plantpack_bag1.png\" width=\"150\" height=\"150\" \/><\/a><b><\/b><\/p>\n<p>Plantpack est un dessechante 100% naturel, non toxique. Avec Plantpack, votre produit reste r\u00e9sistant au moule pendant le stockage ou transport, mais ce n&rsquo;est pas tout ce qu&rsquo;il fait.<\/p>\n<p>Les gaz benz\u00e8ne et tolu\u00e8ne seront absorb\u00e9s pendant le transport pour que le risque de que votre contenant doive \u00eatre a\u00e9r\u00e9 \u00e0 l&rsquo;arriv\u00e9e dans le port, soit tres faible.<\/p>\n<p>Nous vendons Plantpack au niveau mondial et jouions de la confiance et de la recommandation la plus haute de nos clients.<\/p>\n<p><img decoding=\"async\" class=\"alignleft size-full wp-image-411\" alt=\"schemafrans\" src=\"https:\/\/plantpack.net\/wp-content\/uploads\/schemafrans.png\" width=\"450\" height=\"414\" srcset=\"https:\/\/plantpack.net\/wp-content\/uploads\/schemafrans-150x138.png 150w, https:\/\/plantpack.net\/wp-content\/uploads\/schemafrans-300x276.png 300w, https:\/\/plantpack.net\/wp-content\/uploads\/schemafrans-400x368.png 400w, https:\/\/plantpack.net\/wp-content\/uploads\/schemafrans.png 450w\" sizes=\"(max-width: 450px) 100vw, 450px\" \/><\/p>\n<p>&nbsp;<\/p>\n<p>&nbsp;<\/p>\n<p><b>Pourquoi est-ce que Plantpack est la meilleure choix?<\/b><\/p>\n<p>Actuellement, beaucoup de produits qui maintiennent votre produit r\u00e9sistant aux moisissures sont offerts au march\u00e9. Pourquoi devriez-vous choisir Plantpack?<\/p>\n<p>Avec Plantpack, vous utilisez non seulement un produit biod\u00e9gradable et 100% naturel sans des substances chimiques, mais aussi le produit le plus s\u00fbr disponible.<\/p>\n<p>Apr\u00e8s qu&rsquo;on est inform\u00e9 sur ces avantages-ci, il pourrait peut-etre difficile \u00e0 croire que nous vous offrons Plantpack \u00e0 un prix tr\u00e8s comp\u00e9titif. Visitez notre magasin en ligne et assurez-vous des prix vous-m\u00eames.<\/p>\n","protected":false},"excerpt":{"rendered":"<p>Plantpack est un dessechante 100% naturel, non toxique. Avec Plantpack,  [&#8230;]<\/p>\n","protected":false},"author":1,"featured_media":0,"parent":0,"menu_order":0,"comment_status":"open","ping_status":"closed","template":"","meta":{"footnotes":""},"class_list":["post-399","page","type-page","status-publish","hentry"],"_links":{"self":[{"href":"https:\/\/plantpack.net\/fr\/wp-json\/wp\/v2\/pages\/399","targetHints":{"allow":["GET"]}}],"collection":[{"href":"https:\/\/plantpack.net\/fr\/wp-json\/wp\/v2\/pages"}],"about":[{"href":"https:\/\/plantpack.net\/fr\/wp-json\/wp\/v2\/types\/page"}],"author":[{"embeddable":true,"href":"https:\/\/plantpack.net\/fr\/wp-json\/wp\/v2\/users\/1"}],"replies":[{"embeddable":true,"href":"https:\/\/plantpack.net\/fr\/wp-json\/wp\/v2\/comments?post=399"}],"version-history":[{"count":0,"href":"https:\/\/plantpack.net\/fr\/wp-json\/wp\/v2\/pages\/399\/revisions"}],"wp:attachment":[{"href":"https:\/\/plantpack.net\/fr\/wp-json\/wp\/v2\/media?parent=399"}],"curies":[{"name":"wp","href":"https:\/\/api.w.org\/{rel}","templated":true}]}}