{"id":401,"date":"2013-10-30T11:48:01","date_gmt":"2013-10-30T10:48:01","guid":{"rendered":"http:\/\/www.plantpack.net\/?page_id=401"},"modified":"2021-08-30T11:43:09","modified_gmt":"2021-08-30T09:43:09","slug":"information-sur-le-produit","status":"publish","type":"page","link":"https:\/\/plantpack.net\/fr\/information-sur-le-produit\/","title":{"rendered":"Information sur le produit"},"content":{"rendered":"<p><b><img decoding=\"async\" class=\"alignright size-full wp-image-90\" src=\"https:\/\/plantpack.net\/wp-content\/uploads\/plantpack_tube.png\" alt=\"plantpack_tube\" width=\"150\" height=\"673\" \/><\/b><\/p>\n<p>Pendant les cinq ann\u00e9es pass\u00e9es, Plantpack a \u00e9t\u00e9 test\u00e9 et amelior\u00e9 frequemment \u00e0 plusieurs \u00e9tapes pour devenir le produit de qualit\u00e9 comme il est maintenant. Avec fiert\u00e9, nous vous pr\u00e9sentons ce produit unique qui non seulement prot\u00e8ge vos biens contre la moisissure, mais aussi absorbe des gaz en m\u00eame temps.<\/p>\n<p><b>Plantpack est, principalement, compos\u00e9 des plantes suivantes:<\/b><\/p>\n<ul>\n<li>Herba Houttuyniae<\/li>\n<li>Soapberry Seed<\/li>\n<li>Cunninghamia Lanceolata<\/li>\n<\/ul>\n<p>Plantpack ne contient pas d&rsquo;additifs. L&rsquo;absorption est garantie pour une p\u00e9riode d&rsquo;au moins deux ans. Comme dit, en dehors de prot\u00e9ger vos produits contre la moisissure, Plantpack aussi absorbe les gaz benz\u00e8ne et tolu\u00e8ne.<\/p>\n<p>Ces gaz-ci peuvent \u00e9maner de certains produits pendant la p\u00e9riode de transport. Les gaz benz\u00e8ne aussi bien que tolu\u00e8ne sont extr\u00eamement dangereux et pourraient nuire aux personnes inspectant ou d\u00e9chargant le contenant. Sans parler comment ces gaz-ci pourraient nuire la sant\u00e9 des consommateurs.<\/p>\n<p>Il est tres cher et prendra beaucoup de temps de mettre un contenant de cot\u00e9 et l&rsquo;a\u00e9rer. Utilisant Plantpack, vous vous gainez du temps et de l&rsquo;argent.<\/p>\n<p><strong>Plantpack has two products in their assortment:<\/strong><\/p>\n<p><strong><img decoding=\"async\" class=\"alignleft wp-image-92\" src=\"https:\/\/plantpack.net\/wp-content\/uploads\/plantpack_bag-150x150.png\" alt=\"plantpack_bag\" width=\"100\" height=\"100\" \/>1. Sachet\u00a0(PB25):<br \/>\n<\/strong>Nous vous livrons un petit sachet (5 cm x 5 cm) qui peut \u00eatre ajout\u00e9 facilement pendant la production de votre produit. Par exemple, Plantpack peut \u00eatre ajout\u00e9 \u00e0 la bo\u00eete \u00e0 votre chaussures, a l&rsquo;envelloppe de polyester de votre matelas, au contenant de vos m\u00e9dicaments etc.<\/p>\n<p>Pour chaque produit, on a besoin d&rsquo;une certaine quantit\u00e9. Avec plaisir, nous vous assistons en d\u00e9terminant la quantit\u00e9 requise.<\/p>\n<p><strong>2. Tube (PT68):<\/strong><br \/>\nPour absorber les gaz benz\u00e8ne et tolu\u00e8ne, et l&rsquo;absorption additionelle de moisissure a l&rsquo;int\u00e9rieur du contenant, nous vous offrons Plantpack tubes.<\/p>\n<p>Chaque tube compos\u00e9 de 8 sachets. A base de contenant, on a besoin des quantit\u00e9s de tubes suivantes:<\/p>\n<ul>\n<li>20&prime; contenant\u00a0 \u00a0 \u00a0 \u00a0: 6 tubes<\/li>\n<li>40&prime; contenant\u00a0 \u00a0 \u00a0 \u00a0: 8 tubes<\/li>\n<li>40&prime; HQ contenant\u00a0: 10 tubes<\/li>\n<li>45&prime; contenant\u00a0 \u00a0 \u00a0 \u00a0: 10 tubes<\/li>\n<\/ul>\n","protected":false},"excerpt":{"rendered":"<p>Pendant les cinq ann\u00e9es pass\u00e9es, Plantpack a \u00e9t\u00e9 test\u00e9 et  [&#8230;]<\/p>\n","protected":false},"author":1,"featured_media":0,"parent":0,"menu_order":1,"comment_status":"open","ping_status":"closed","template":"","meta":{"footnotes":""},"class_list":["post-401","page","type-page","status-publish","hentry"],"_links":{"self":[{"href":"https:\/\/plantpack.net\/fr\/wp-json\/wp\/v2\/pages\/401","targetHints":{"allow":["GET"]}}],"collection":[{"href":"https:\/\/plantpack.net\/fr\/wp-json\/wp\/v2\/pages"}],"about":[{"href":"https:\/\/plantpack.net\/fr\/wp-json\/wp\/v2\/types\/page"}],"author":[{"embeddable":true,"href":"https:\/\/plantpack.net\/fr\/wp-json\/wp\/v2\/users\/1"}],"replies":[{"embeddable":true,"href":"https:\/\/plantpack.net\/fr\/wp-json\/wp\/v2\/comments?post=401"}],"version-history":[{"count":0,"href":"https:\/\/plantpack.net\/fr\/wp-json\/wp\/v2\/pages\/401\/revisions"}],"wp:attachment":[{"href":"https:\/\/plantpack.net\/fr\/wp-json\/wp\/v2\/media?parent=401"}],"curies":[{"name":"wp","href":"https:\/\/api.w.org\/{rel}","templated":true}]}}