{"id":405,"date":"2013-10-30T11:57:03","date_gmt":"2013-10-30T10:57:03","guid":{"rendered":"http:\/\/www.plantpack.net\/?page_id=405"},"modified":"2014-09-08T09:43:16","modified_gmt":"2014-09-08T07:43:16","slug":"fiches-dessai","status":"publish","type":"page","link":"https:\/\/plantpack.net\/fr\/fiches-dessai\/","title":{"rendered":"Fiches d&rsquo;essai"},"content":{"rendered":"<p>Pendant les cinq ann\u00e9es pass\u00e9es, Plantpack a \u00e9t\u00e9 test\u00e9 et amelior\u00e9 frequemment \u00e0 plusieurs \u00e9tapes pour devenir le produit de qualit\u00e9 comme il est maintenant. S&rsquo;il vous pla\u00eet, allez voir les fiches d&rsquo;essai suivantes:<\/p>\n<ul>\n<li><a href=\"https:\/\/plantpack.net\/pdf\/Anti_Gas_Toluene_Benzene.pdf\" target=\"_blank\">Anti Gas Toluene\/Benzene<\/a><\/li>\n<li><a href=\"https:\/\/plantpack.net\/pdf\/Anti_Mould.pdf\" target=\"_blank\">Anti Mould<\/a><\/li>\n<li><a href=\"https:\/\/plantpack.net\/pdf\/Dimethyl_Fumarate.pdf\" target=\"_blank\">Dimethyl Fumarate<\/a><\/li>\n<li><a href=\"https:\/\/plantpack.net\/pdf\/REACH_Certificate.pdf\" target=\"_blank\">REACH Certificate<\/a><\/li>\n<li><a href=\"https:\/\/plantpack.net\/pdf\/reach_testreport_english.pdf\" target=\"_blank\">REACH 151 SVHC<\/a><\/li>\n<li><a href=\"https:\/\/plantpack.net\/pdf\/Non_Toxic_Report.pdf\" target=\"_blank\">Non Toxic Report<\/a><\/li>\n<li><a href=\"https:\/\/plantpack.net\/pdf\/MSDS_English.pdf\" target=\"_blank\">MSDS<\/a><\/li>\n<li><a href=\"https:\/\/plantpack.net\/pdf\/BPR_2014.pdf\" target=\"_blank\">BPR (Biocidal Product Regulation)<\/a><\/li>\n<li><a title=\"REACH + Pesticides test by PFI Germany\" href=\"https:\/\/plantpack.net\/pdf\/REACH_Pesticides_test_by_PFI_Germany.pdf\" target=\"_blank\">REACH + Pesticides test by PFI Germany<\/a><\/li>\n<\/ul>\n","protected":false},"excerpt":{"rendered":"<p>Pendant les cinq ann\u00e9es pass\u00e9es, Plantpack a \u00e9t\u00e9 test\u00e9 et  [&#8230;]<\/p>\n","protected":false},"author":1,"featured_media":0,"parent":0,"menu_order":8,"comment_status":"open","ping_status":"closed","template":"","meta":{"footnotes":""},"class_list":["post-405","page","type-page","status-publish","hentry"],"_links":{"self":[{"href":"https:\/\/plantpack.net\/fr\/wp-json\/wp\/v2\/pages\/405","targetHints":{"allow":["GET"]}}],"collection":[{"href":"https:\/\/plantpack.net\/fr\/wp-json\/wp\/v2\/pages"}],"about":[{"href":"https:\/\/plantpack.net\/fr\/wp-json\/wp\/v2\/types\/page"}],"author":[{"embeddable":true,"href":"https:\/\/plantpack.net\/fr\/wp-json\/wp\/v2\/users\/1"}],"replies":[{"embeddable":true,"href":"https:\/\/plantpack.net\/fr\/wp-json\/wp\/v2\/comments?post=405"}],"version-history":[{"count":0,"href":"https:\/\/plantpack.net\/fr\/wp-json\/wp\/v2\/pages\/405\/revisions"}],"wp:attachment":[{"href":"https:\/\/plantpack.net\/fr\/wp-json\/wp\/v2\/media?parent=405"}],"curies":[{"name":"wp","href":"https:\/\/api.w.org\/{rel}","templated":true}]}}